{"id":13318,"date":"2024-06-11T19:44:37","date_gmt":"2024-06-11T17:44:37","guid":{"rendered":"https:\/\/marioalonsopuig.com\/programareinventarse\/?page_id=13318"},"modified":"2024-06-11T19:44:37","modified_gmt":"2024-06-11T17:44:37","slug":"preguntas-frecuentes","status":"publish","type":"page","link":"https:\/\/marioalonsopuig.com\/programareinventarse\/preguntas-frecuentes\/","title":{"rendered":"Preguntas frecuentes"},"content":{"rendered":"<style>#sp-ea-13301 .spcollapsing { height: 0; overflow: hidden; transition-property: height;transition-duration: 300ms;}#sp-ea-13301.sp-easy-accordion>.sp-ea-single {margin-bottom: 10px; border: 1px solid #e2e2e2; }#sp-ea-13301.sp-easy-accordion>.sp-ea-single>.ea-header a {color: #444;}#sp-ea-13301.sp-easy-accordion>.sp-ea-single>.sp-collapse>.ea-body {background: #fff; color: #444;}#sp-ea-13301.sp-easy-accordion>.sp-ea-single {background: #eee;}#sp-ea-13301.sp-easy-accordion>.sp-ea-single>.ea-header a .ea-expand-icon { float: left; color: #444;font-size: 16px;}<\/style><div id=\"sp_easy_accordion-1718103885\"><div id=\"sp-ea-13301\" class=\"sp-ea-one sp-easy-accordion\" data-ea-active=\"ea-click\" data-ea-mode=\"vertical\" data-preloader=\"\" data-scroll-active-item=\"1\" data-offset-to-scroll=\"0\"><div class=\"ea-card sp-ea-single\"><h3 class=\"ea-header\"><a class=\"collapsed\" id=\"ea-header-133010\" role=\"button\" data-sptoggle=\"spcollapse\" data-sptarget=\"#collapse133010\" aria-controls=\"collapse133010\" href=\"#\" rel=nofollow aria-expanded=\"false\" tabindex=\"0\"><i aria-hidden=\"true\" role=\"presentation\" class=\"ea-expand-icon eap-icon-ea-expand-plus\"><\/i> \u00bfC\u00f3mo accedo al curso?<\/a><\/h3><div class=\"sp-collapse spcollapse spcollapse\" id=\"collapse133010\" role=\"region\" aria-labelledby=\"ea-header-133010\"> <div class=\"ea-body\"><p>Para acceder al curso, haga clic en el bot\u00f3n que aparece en el men\u00fa principal en la parte superior de la p\u00e1gina Web d\u00f3nde indica <strong>\"Acceder\"<\/strong> o en el bot\u00f3n con el mismo texto.<\/p><p><img loading=\"lazy\" decoding=\"async\" class=\"alignnone size-full wp-image-13310\" src=\"https:\/\/marioalonsopuig.com\/programareinventarse\/wp-content\/uploads\/2024\/06\/acceder.png\" alt=\"\" width=\"1920\" height=\"945\" srcset=\"https:\/\/marioalonsopuig.com\/programareinventarse\/wp-content\/uploads\/2024\/06\/acceder.png 1920w, https:\/\/marioalonsopuig.com\/programareinventarse\/wp-content\/uploads\/2024\/06\/acceder-300x148.png 300w, https:\/\/marioalonsopuig.com\/programareinventarse\/wp-content\/uploads\/2024\/06\/acceder-1024x504.png 1024w, https:\/\/marioalonsopuig.com\/programareinventarse\/wp-content\/uploads\/2024\/06\/acceder-768x378.png 768w, https:\/\/marioalonsopuig.com\/programareinventarse\/wp-content\/uploads\/2024\/06\/acceder-1536x756.png 1536w, https:\/\/marioalonsopuig.com\/programareinventarse\/wp-content\/uploads\/2024\/06\/acceder-18x9.png 18w, https:\/\/marioalonsopuig.com\/programareinventarse\/wp-content\/uploads\/2024\/06\/acceder-624x307.png 624w, https:\/\/marioalonsopuig.com\/programareinventarse\/wp-content\/uploads\/2024\/06\/acceder-600x295.png 600w\" sizes=\"auto, (max-width: 1920px) 100vw, 1920px\" \/><\/p><p>A continuaci\u00f3n, ser\u00e1 redirigido a la p\u00e1gina de <strong>\"Login o Inicio de sesi\u00f3n\"<\/strong>. Introduzca su direcci\u00f3n de <strong>email<\/strong> (con el que efectu\u00f3 su compra) <strong>o nombre de usuario<\/strong> (al realizar la compra deber\u00eda de haber recibido dos emails, uno con la informaic\u00f3n del pedido y otro con los datos de su nueva cuenta de usuario en la plataforma del curso); e introduzca la <strong>contrase\u00f1a<\/strong> (tambi\u00e9n figura en el email con los datos de acceso). Por \u00faltimo, puede marcar la casilla <strong>\"Recu\u00e9rdame\"<\/strong> para guardar en su navegador Web los datos de acceso, y haga clic en <strong>\"Acceder\".<\/strong><\/p><p><img loading=\"lazy\" decoding=\"async\" class=\"alignnone size-full wp-image-13312\" src=\"https:\/\/marioalonsopuig.com\/programareinventarse\/wp-content\/uploads\/2024\/06\/login.png\" alt=\"\" width=\"1920\" height=\"945\" srcset=\"https:\/\/marioalonsopuig.com\/programareinventarse\/wp-content\/uploads\/2024\/06\/login.png 1920w, https:\/\/marioalonsopuig.com\/programareinventarse\/wp-content\/uploads\/2024\/06\/login-300x148.png 300w, https:\/\/marioalonsopuig.com\/programareinventarse\/wp-content\/uploads\/2024\/06\/login-1024x504.png 1024w, https:\/\/marioalonsopuig.com\/programareinventarse\/wp-content\/uploads\/2024\/06\/login-768x378.png 768w, https:\/\/marioalonsopuig.com\/programareinventarse\/wp-content\/uploads\/2024\/06\/login-1536x756.png 1536w, https:\/\/marioalonsopuig.com\/programareinventarse\/wp-content\/uploads\/2024\/06\/login-18x9.png 18w, https:\/\/marioalonsopuig.com\/programareinventarse\/wp-content\/uploads\/2024\/06\/login-624x307.png 624w, https:\/\/marioalonsopuig.com\/programareinventarse\/wp-content\/uploads\/2024\/06\/login-600x295.png 600w\" sizes=\"auto, (max-width: 1920px) 100vw, 1920px\" \/><\/p><p>Una vez haya accedido a la plataforma, ser\u00e1 redirigido a la siguiente pantalla. Haga <strong>\"Scroll\"<\/strong> y baje hasta el bot\u00f3n verde que pone <strong>\"Bienvenido al curso (pincha aqu\u00ed para comenzar)\".<\/strong><\/p><p><img loading=\"lazy\" decoding=\"async\" class=\"alignnone size-full wp-image-13313\" src=\"https:\/\/marioalonsopuig.com\/programareinventarse\/wp-content\/uploads\/2024\/06\/acceder_curso.png\" alt=\"\" width=\"1920\" height=\"945\" srcset=\"https:\/\/marioalonsopuig.com\/programareinventarse\/wp-content\/uploads\/2024\/06\/acceder_curso.png 1920w, https:\/\/marioalonsopuig.com\/programareinventarse\/wp-content\/uploads\/2024\/06\/acceder_curso-300x148.png 300w, https:\/\/marioalonsopuig.com\/programareinventarse\/wp-content\/uploads\/2024\/06\/acceder_curso-1024x504.png 1024w, https:\/\/marioalonsopuig.com\/programareinventarse\/wp-content\/uploads\/2024\/06\/acceder_curso-768x378.png 768w, https:\/\/marioalonsopuig.com\/programareinventarse\/wp-content\/uploads\/2024\/06\/acceder_curso-1536x756.png 1536w, https:\/\/marioalonsopuig.com\/programareinventarse\/wp-content\/uploads\/2024\/06\/acceder_curso-18x9.png 18w, https:\/\/marioalonsopuig.com\/programareinventarse\/wp-content\/uploads\/2024\/06\/acceder_curso-624x307.png 624w, https:\/\/marioalonsopuig.com\/programareinventarse\/wp-content\/uploads\/2024\/06\/acceder_curso-600x295.png 600w\" sizes=\"auto, (max-width: 1920px) 100vw, 1920px\" \/><\/p><\/div><\/div><\/div><div class=\"ea-card sp-ea-single\"><h3 class=\"ea-header\"><a class=\"collapsed\" id=\"ea-header-133011\" role=\"button\" data-sptoggle=\"spcollapse\" data-sptarget=\"#collapse133011\" aria-controls=\"collapse133011\" href=\"#\" rel=nofollow aria-expanded=\"false\" tabindex=\"0\"><i aria-hidden=\"true\" role=\"presentation\" class=\"ea-expand-icon eap-icon-ea-expand-plus\"><\/i> Avanzar dentro del curso - Pasar a la siguiente lecci\u00f3n<\/a><\/h3><div class=\"sp-collapse spcollapse spcollapse\" id=\"collapse133011\" role=\"region\" aria-labelledby=\"ea-header-133011\"> <div class=\"ea-body\"><p>Una vez haya accedido al primer bloque <strong>\"BIENVENIDO AL CURSO\"<\/strong>, para poder seguir avanzando, debe pinchar en bot\u00f3n <strong>\"Continuar\"<\/strong>. Autom\u00e1ticamente ir\u00e1 a la siguiente pantalla.<\/p><p><img loading=\"lazy\" decoding=\"async\" class=\"alignnone size-full wp-image-13314\" src=\"https:\/\/marioalonsopuig.com\/programareinventarse\/wp-content\/uploads\/2024\/06\/completar.png\" alt=\"\" width=\"1920\" height=\"945\" srcset=\"https:\/\/marioalonsopuig.com\/programareinventarse\/wp-content\/uploads\/2024\/06\/completar.png 1920w, https:\/\/marioalonsopuig.com\/programareinventarse\/wp-content\/uploads\/2024\/06\/completar-300x148.png 300w, https:\/\/marioalonsopuig.com\/programareinventarse\/wp-content\/uploads\/2024\/06\/completar-1024x504.png 1024w, https:\/\/marioalonsopuig.com\/programareinventarse\/wp-content\/uploads\/2024\/06\/completar-768x378.png 768w, https:\/\/marioalonsopuig.com\/programareinventarse\/wp-content\/uploads\/2024\/06\/completar-1536x756.png 1536w, https:\/\/marioalonsopuig.com\/programareinventarse\/wp-content\/uploads\/2024\/06\/completar-18x9.png 18w, https:\/\/marioalonsopuig.com\/programareinventarse\/wp-content\/uploads\/2024\/06\/completar-624x307.png 624w, https:\/\/marioalonsopuig.com\/programareinventarse\/wp-content\/uploads\/2024\/06\/completar-600x295.png 600w\" sizes=\"auto, (max-width: 1920px) 100vw, 1920px\" \/><\/p><div id=\"learndash-course-header\" class=\"bb-lms-header\"><div class=\"lms-header-instructor\"><\/div><\/div><div class=\"learndash_content_wrap\"><div class=\"ld-progress\"><div class=\"ld-progress-heading\">A medida que vaya avanzando en el curso, tendr\u00e1 la posibilidad de <strong>retroceder una pantalla hacia atr\u00e1s<\/strong> pinchando en el icono <strong>\"&lt;\"<\/strong> o a trav\u00e9s del men\u00fa lateral, podr\u00e1 <strong>ir a un contenido espec\u00edfico<\/strong> siempre y cuando lo hay completado con anterioridad. <strong>El curso el lineal hasta que no haya completado todos los bloques.<\/strong><\/div><\/div><\/div><p><img loading=\"lazy\" decoding=\"async\" class=\"alignnone size-full wp-image-13315\" src=\"https:\/\/marioalonsopuig.com\/programareinventarse\/wp-content\/uploads\/2024\/06\/navegacion.png\" alt=\"\" width=\"1920\" height=\"945\" srcset=\"https:\/\/marioalonsopuig.com\/programareinventarse\/wp-content\/uploads\/2024\/06\/navegacion.png 1920w, https:\/\/marioalonsopuig.com\/programareinventarse\/wp-content\/uploads\/2024\/06\/navegacion-300x148.png 300w, https:\/\/marioalonsopuig.com\/programareinventarse\/wp-content\/uploads\/2024\/06\/navegacion-1024x504.png 1024w, https:\/\/marioalonsopuig.com\/programareinventarse\/wp-content\/uploads\/2024\/06\/navegacion-768x378.png 768w, https:\/\/marioalonsopuig.com\/programareinventarse\/wp-content\/uploads\/2024\/06\/navegacion-1536x756.png 1536w, https:\/\/marioalonsopuig.com\/programareinventarse\/wp-content\/uploads\/2024\/06\/navegacion-18x9.png 18w, https:\/\/marioalonsopuig.com\/programareinventarse\/wp-content\/uploads\/2024\/06\/navegacion-624x307.png 624w, https:\/\/marioalonsopuig.com\/programareinventarse\/wp-content\/uploads\/2024\/06\/navegacion-600x295.png 600w\" sizes=\"auto, (max-width: 1920px) 100vw, 1920px\" \/><\/p><p>Si no se muestra el men\u00fa lateral, haga clic en el bot\u00f3n con el <strong>dibujo de dos flechas<\/strong> (al pinchar muestra u oculta dicho men\u00fa lateral).<\/p><p><img loading=\"lazy\" decoding=\"async\" class=\"alignnone size-full wp-image-13316\" src=\"https:\/\/marioalonsopuig.com\/programareinventarse\/wp-content\/uploads\/2024\/06\/colapsar-menu.png\" alt=\"\" width=\"1920\" height=\"1032\" srcset=\"https:\/\/marioalonsopuig.com\/programareinventarse\/wp-content\/uploads\/2024\/06\/colapsar-menu.png 1920w, https:\/\/marioalonsopuig.com\/programareinventarse\/wp-content\/uploads\/2024\/06\/colapsar-menu-300x161.png 300w, https:\/\/marioalonsopuig.com\/programareinventarse\/wp-content\/uploads\/2024\/06\/colapsar-menu-1024x550.png 1024w, https:\/\/marioalonsopuig.com\/programareinventarse\/wp-content\/uploads\/2024\/06\/colapsar-menu-768x413.png 768w, https:\/\/marioalonsopuig.com\/programareinventarse\/wp-content\/uploads\/2024\/06\/colapsar-menu-1536x826.png 1536w, https:\/\/marioalonsopuig.com\/programareinventarse\/wp-content\/uploads\/2024\/06\/colapsar-menu-18x10.png 18w, https:\/\/marioalonsopuig.com\/programareinventarse\/wp-content\/uploads\/2024\/06\/colapsar-menu-624x335.png 624w, https:\/\/marioalonsopuig.com\/programareinventarse\/wp-content\/uploads\/2024\/06\/colapsar-menu-600x323.png 600w\" sizes=\"auto, (max-width: 1920px) 100vw, 1920px\" \/><\/p><p><img loading=\"lazy\" decoding=\"async\" class=\"alignnone size-full wp-image-13317\" src=\"https:\/\/marioalonsopuig.com\/programareinventarse\/wp-content\/uploads\/2024\/06\/mostrar_menu.png\" alt=\"\" width=\"1920\" height=\"945\" srcset=\"https:\/\/marioalonsopuig.com\/programareinventarse\/wp-content\/uploads\/2024\/06\/mostrar_menu.png 1920w, https:\/\/marioalonsopuig.com\/programareinventarse\/wp-content\/uploads\/2024\/06\/mostrar_menu-300x148.png 300w, https:\/\/marioalonsopuig.com\/programareinventarse\/wp-content\/uploads\/2024\/06\/mostrar_menu-1024x504.png 1024w, https:\/\/marioalonsopuig.com\/programareinventarse\/wp-content\/uploads\/2024\/06\/mostrar_menu-768x378.png 768w, https:\/\/marioalonsopuig.com\/programareinventarse\/wp-content\/uploads\/2024\/06\/mostrar_menu-1536x756.png 1536w, https:\/\/marioalonsopuig.com\/programareinventarse\/wp-content\/uploads\/2024\/06\/mostrar_menu-18x9.png 18w, https:\/\/marioalonsopuig.com\/programareinventarse\/wp-content\/uploads\/2024\/06\/mostrar_menu-624x307.png 624w, https:\/\/marioalonsopuig.com\/programareinventarse\/wp-content\/uploads\/2024\/06\/mostrar_menu-600x295.png 600w\" sizes=\"auto, (max-width: 1920px) 100vw, 1920px\" \/><\/p><\/div><\/div><\/div><\/div><\/div>\n","protected":false},"excerpt":{"rendered":"","protected":false},"author":1,"featured_media":0,"parent":0,"menu_order":0,"comment_status":"closed","ping_status":"closed","template":"","meta":{"footnotes":""},"class_list":["post-13318","page","type-page","status-publish","hentry"],"_links":{"self":[{"href":"https:\/\/marioalonsopuig.com\/programareinventarse\/wp-json\/wp\/v2\/pages\/13318","targetHints":{"allow":["GET"]}}],"collection":[{"href":"https:\/\/marioalonsopuig.com\/programareinventarse\/wp-json\/wp\/v2\/pages"}],"about":[{"href":"https:\/\/marioalonsopuig.com\/programareinventarse\/wp-json\/wp\/v2\/types\/page"}],"author":[{"embeddable":true,"href":"https:\/\/marioalonsopuig.com\/programareinventarse\/wp-json\/wp\/v2\/users\/1"}],"replies":[{"embeddable":true,"href":"https:\/\/marioalonsopuig.com\/programareinventarse\/wp-json\/wp\/v2\/comments?post=13318"}],"version-history":[{"count":1,"href":"https:\/\/marioalonsopuig.com\/programareinventarse\/wp-json\/wp\/v2\/pages\/13318\/revisions"}],"predecessor-version":[{"id":13319,"href":"https:\/\/marioalonsopuig.com\/programareinventarse\/wp-json\/wp\/v2\/pages\/13318\/revisions\/13319"}],"wp:attachment":[{"href":"https:\/\/marioalonsopuig.com\/programareinventarse\/wp-json\/wp\/v2\/media?parent=13318"}],"curies":[{"name":"wp","href":"https:\/\/api.w.org\/{rel}","templated":true}]}}