{"id":3084,"date":"2021-12-17T11:57:39","date_gmt":"2021-12-17T11:57:39","guid":{"rendered":"https:\/\/marioalonsopuig.com\/programareinventarse\/?page_id=3084"},"modified":"2021-12-17T12:14:47","modified_gmt":"2021-12-17T12:14:47","slug":"politica-de-cookies","status":"publish","type":"page","link":"https:\/\/marioalonsopuig.com\/programareinventarse\/politica-de-cookies\/","title":{"rendered":"Pol\u00edtica de Cookies"},"content":{"rendered":"<div id=\"pl-3084\"  class=\"panel-layout\" ><div id=\"pg-3084-0\"  class=\"panel-grid panel-no-style\" ><div id=\"pgc-3084-0-0\"  class=\"panel-grid-cell\" ><div id=\"panel-3084-0-0-0\" class=\"so-panel widget widget_sow-editor panel-first-child panel-last-child\" data-index=\"0\" ><div class=\"page panel-widget-style panel-widget-style-for-3084-0-0-0\" ><div\n\t\t\t\n\t\t\tclass=\"so-widget-sow-editor so-widget-sow-editor-base\"\n\t\t\t\n\t\t>\n<div class=\"siteorigin-widget-tinymce textwidget\">\n\t<p>El objetivo de esta\u00a0pol\u00edtica es informar a los interesados acerca de las cookies que emplea esta p\u00e1gina web\u00a0 de conformidad con lo establecido en la Ley 34\/2002, de 11 de julio, de Servicios de la Sociedad de la Informaci\u00f3n y de Comercio Electr\u00f3nico, \u00a0y el Reglamento (UE) 2016\/679 del Parlamento Europeo y del Consejo de 27 de abril de 2016.<\/p>\n<h3>USO DE COOKIES. \u00bfQU\u00c9 SON LAS COOKIES?<\/h3>\n<p>Las cookies son ficheros que se descargan en su Ordenador, Smartphone o Tablet al acceder a determinadas p\u00e1ginas web. La utilizaci\u00f3n de cookies, ofrece numerosas ventajas en la prestaci\u00f3n de servicios de la Sociedad de la Informaci\u00f3n, puesto que, entre otras: (a) facilita la navegaci\u00f3n del usuario en el Sitio Web; (b) facilita al usuario el acceso a los diferentes servicios que ofrece el Sitio Web; (c) evita al usuario volver a configurar caracter\u00edsticas generales predefinidas cada vez que accede al Sitio Web; (d) favorece la mejora del funcionamiento y de los servicios prestados a trav\u00e9s del Sitio Web, tras el correspondiente an\u00e1lisis de la informaci\u00f3n obtenida a trav\u00e9s de las cookies instaladas; (e) permiten a un Sitio Web, entre otras cosas, almacenar y recuperar informaci\u00f3n sobre los h\u00e1bitos de navegaci\u00f3n de un usuario o de su equipo y, dependiendo de la informaci\u00f3n que contengan y de la forma en que utilice su equipo, pueden utilizarse para reconocer al usuario.<\/p>\n<p>La mayor\u00eda de los navegadores aceptan como est\u00e1ndar a las cookies y, con independencia de las mismas, permiten o impiden en los ajustes de seguridad las cookies temporales o memorizadas.<\/p>\n<p>Ten en cuenta que para poder utilizar y contar con una mejor experiencia de navegaci\u00f3n, es necesario que tengas habilitadas las cookies, especialmente aquellas de car\u00e1cter t\u00e9cnico que resultan necesarias para que pueda identificarte como usuario registrado cada vez que accedas a la presente web.<\/p>\n<p>En caso de no querer recibir cookies, por favor, configure su navegador de internet, para que las borre del disco duro de su ordenador, las bloquee o le avise en su caso de instalaci\u00f3n de las mismas.<\/p>\n<h3>\u00bfQU\u00c9 TIPO DE COOKIES UTILIZA ESTA P\u00c1GINA WEB?<\/h3>\n<p><strong>MAP EMPOWERMENT INSTITUTE, S.L<\/strong> est\u00e1 utilizando las Cookies para las finalidades que a continuaci\u00f3n se exponen.<\/p>\n<ol>\n<li>Cookies de an\u00e1lisis tanto propias como de terceros: Permiten al responsable de las mismas, el seguimiento y an\u00e1lisis del comportamiento de los usuarios de los sitios web.<\/li>\n<li>Cookies de personalizaci\u00f3n tanto propias como de terceros: Permiten al usuario acceder al servicio con algunas caracter\u00edsticas de car\u00e1cter general predefinidas en funci\u00f3n de una serie de criterios como, por ejemplo, la selecci\u00f3n del idioma.<\/li>\n<li>Cookies t\u00e9cnicas tanto propias como de terceros: Permiten al usuario la navegaci\u00f3n a trav\u00e9s de la p\u00e1gina web, y la utilizaci\u00f3n de las diferentes opciones o servicios de la misma.<\/li>\n<\/ol>\n<p><strong>Las cookies de esta web ayudan a:<\/strong><\/p>\n<ul>\n<li>Hacer que esta web funcione correctamente.<\/li>\n<li>Recordarte tus ajustes durante y entre las visitas.<\/li>\n<li>Mejorar la velocidad \/ seguridad del sitio.<\/li>\n<li>Mejorar continuamente este sitio web gracias a las labores de an\u00e1lisis.<\/li>\n<li>Que puedas realizar pagos TPV.<\/li>\n<\/ul>\n<p><strong>No utilizaremos jam\u00e1s cookies para:<\/strong><\/p>\n<ul>\n<li>Recoger informaci\u00f3n de identificaci\u00f3n personal (sin su permiso expreso).<\/li>\n<li>Recoger informaci\u00f3n sensible (sin su permiso expreso).<\/li>\n<li>Compartir datos de identificaci\u00f3n personal a terceros.<\/li>\n<\/ul>\n<h3>Cookies propias que usamos<\/h3>\n<ul>\n<li><strong>Cookies t\u00e9cnicas<\/strong>: Son las m\u00e1s elementales y permiten, entre otras cosas, saber cu\u00e1ndo est\u00e1 navegando un humano o una aplicaci\u00f3n automatizada, cu\u00e1ndo navega un usuario an\u00f3nimo y uno registrado, tareas b\u00e1sicas para el funcionamiento de cualquier web din\u00e1mica. Usamos la cookie \u201cviewed_cookie_policy\u201d para conocer si se ha pulsado el bot\u00f3n aceptar de la pol\u00edtica de cookies .<\/li>\n<\/ul>\n<h3>Cookies de terceros que utilizamos y que debe conocer<\/h3>\n<p>Las cookies de terceros que usamos son de los siguientes tipos:<\/p>\n<ul>\n<li><strong>Cookies de an\u00e1lisis:<\/strong>\u00a0Son aqu\u00e9llas que bien tratadas por <strong>MAP EMPOWERMENT INSTITUTE, S.L<\/strong> o por terceros, nos permiten cuantificar el n\u00famero de usuarios y as\u00ed realizar la medici\u00f3n y an\u00e1lisis estad\u00edstico de la utilizaci\u00f3n que hacen los usuarios del servicio ofertado. Para ello se analiza su navegaci\u00f3n en mi p\u00e1gina web con el fin de mejorar la oferta de productos o servicios que le ofrecemos. <strong>MAP EMPOWERMENT INSTITUTE, S.L<\/strong> <span style=\"text-decoration: line-through;\">\u00a0<\/span>utiliza Google Analytics, un servicio anal\u00edtico de web prestado por Google, Inc. con domicilio en los Estados Unidos con sede central en 1600 Amphitheatre Parkway, Mountain View, California 94043.\u00a0 Este servicio nos ayuda a analizar el uso que hacen los usuarios del sitio web y mejorar la usabilidad del mismo, pero en ning\u00fan caso se asocian a datos que pudieran llegar a identificar al usuario ya que tenemos configurado el servicio para anonimizar la IP. Para la prestaci\u00f3n de estos servicios, estos utilizan cookies que recopilan la informaci\u00f3n que ser\u00e1 transmitida, tratada y almacenada por Google en los\u00a0<a href=\"https:\/\/www.google.es\/intl\/es\/policies\/technologies\/types\/\">t\u00e9rminos fijados<\/a>\u00a0por Google Inc.<\/li>\n<\/ul>\n<p><strong>MAP EMPOWERMENT INSTITUTE, S.L<\/strong> \u00a0no se hace responsable, en ning\u00fan caso ni del contenido ni de la veracidad de las pol\u00edticas y\/o condiciones de uso y privacidad de los terceros, incluidos, a trav\u00e9s de los enlaces, en esta pol\u00edtica.<\/p>\n<h3>CONSENTIMIENTO<\/h3>\n<p><strong>\u00a0<\/strong>En relaci\u00f3n con la utilizaci\u00f3n de cookies de este sitio web, el usuario autoriza y consiente su uso de la siguiente forma:<\/p>\n<p>Cuando el usuario accede a cualquier p\u00e1gina de la web, ver\u00e1 un aviso donde se indica que la p\u00e1gina web de <strong>MAP EMPOWERMENT INSTITUTE, S.L <\/strong>utiliza cookies, pudiendo el usuario aceptar o rechazar el uso de las mismas a trav\u00e9s de la configuraci\u00f3n de su navegador. Al hacer click en aceptar, usted acepta el uso de nuestras cookies y en su caso las de los terceros. El panel de configuraci\u00f3n\/privacidad le permite la posibilidad de aceptarlas por tipolog\u00eda.<\/p>\n<h3>C\u00d3MO BLOQUEAR, REVOCAR O ELIMINAR LAS COOKIES INSTALADAS<\/h3>\n<p>Puede usted permitir, bloquear, revocar o eliminar las cookies instaladas en su equipo mediante la configuraci\u00f3n de las opciones de su navegador. Puede encontrar informaci\u00f3n sobre c\u00f3mo hacerlo, en relaci\u00f3n con los navegadores m\u00e1s comunes en los links que se incluyen a continuaci\u00f3n:<\/p>\n<p>Explorer:\u00a0<a href=\"https:\/\/support.microsoft.com\/es-es\/kb\/278835\">https:\/\/support.microsoft.com\/es-es\/kb\/278835<\/a><\/p>\n<p>Microsoft Edge<strong>:\u00a0<\/strong><a href=\"https:\/\/privacy.microsoft.com\/es-es\/windows-10-microsoft-edge-and-privacy\">https:\/\/privacy.microsoft.com\/es-es\/windows-10-microsoft-edge-and-privacy<\/a><\/p>\n<p>Chrome:<a href=\"http:\/\/support.google.com\/chrome\/bin\/answer.py?hl=es&amp;answer=95647\">https:\/\/support.google.com\/chrome\/answer\/95647?co=GENIE.Platform%3DDesktop&amp;hl=esttp:\/\/support.google.com\/chrome\/bin\/answer.py?hl=es&amp;answer=95647<\/a><\/p>\n<p>Firefox:\u00a0<a href=\"http:\/\/support.mozilla.org\/es\/kb\/Borrar%20cookies\">http:\/\/support.mozilla.org\/es\/kb\/Borrar%20cookies<\/a><\/p>\n<p>Safari:\u00a0<a href=\"http:\/\/support.apple.com\/kb\/ph5042\">http:\/\/support.apple.com\/kb\/ph5042<\/a>.<\/p>\n<p>Opera:\u00a0<a href=\"https:\/\/help.opera.com\/en\/latest\/web-preferences\/#cookies\">https:\/\/help.opera.com\/en\/latest\/web-preferences\/#cookies<\/a><\/p>\n<p>Le informamos, no obstante, de la posibilidad de que la desactivaci\u00f3n de alguna cookie impida o dificulte la navegaci\u00f3n o la prestaci\u00f3n de los servicios ofrecidos en la p\u00e1gina web.<\/p>\n<h3>MODIFICACIONES \/ ACTUALIZACIONES<\/h3>\n<p>La presente pol\u00edtica de cookies puede verse modificada\/actualizada en funci\u00f3n de las exigencias legales establecidas o con la finalidad de adaptar dicha pol\u00edtica a las instrucciones dictadas por la Agencia Espa\u00f1ola de Protecci\u00f3n de Datos o cambios en nuestro sitio web.<\/p>\n<p>Por esta raz\u00f3n, aconsejamos a los usuarios que visiten peri\u00f3dicamente nuestra\u00a0 pol\u00edtica de cookies.<\/p>\n<p>Si tiene dudas acerca de esta pol\u00edtica de cookies, puede contactar con <strong>MAP EMPOWERMENT INSTITUTE, S.L<\/strong> a trav\u00e9s del siguiente correo electr\u00f3nico: reinventarse@marioalonsopuig.com<\/p>\n<\/div>\n<\/div><\/div><\/div><\/div><\/div><\/div>","protected":false},"excerpt":{"rendered":"<p>El objetivo de esta\u00a0pol\u00edtica es informar a los interesados acerca de las cookies que emplea esta p\u00e1gina web\u00a0 de conformidad con lo establecido en la&hellip;<\/p>\n","protected":false},"author":1,"featured_media":0,"parent":0,"menu_order":0,"comment_status":"closed","ping_status":"open","template":"","meta":{"footnotes":""},"class_list":["post-3084","page","type-page","status-publish","hentry"],"_links":{"self":[{"href":"https:\/\/marioalonsopuig.com\/programareinventarse\/wp-json\/wp\/v2\/pages\/3084","targetHints":{"allow":["GET"]}}],"collection":[{"href":"https:\/\/marioalonsopuig.com\/programareinventarse\/wp-json\/wp\/v2\/pages"}],"about":[{"href":"https:\/\/marioalonsopuig.com\/programareinventarse\/wp-json\/wp\/v2\/types\/page"}],"author":[{"embeddable":true,"href":"https:\/\/marioalonsopuig.com\/programareinventarse\/wp-json\/wp\/v2\/users\/1"}],"replies":[{"embeddable":true,"href":"https:\/\/marioalonsopuig.com\/programareinventarse\/wp-json\/wp\/v2\/comments?post=3084"}],"version-history":[{"count":3,"href":"https:\/\/marioalonsopuig.com\/programareinventarse\/wp-json\/wp\/v2\/pages\/3084\/revisions"}],"predecessor-version":[{"id":3100,"href":"https:\/\/marioalonsopuig.com\/programareinventarse\/wp-json\/wp\/v2\/pages\/3084\/revisions\/3100"}],"wp:attachment":[{"href":"https:\/\/marioalonsopuig.com\/programareinventarse\/wp-json\/wp\/v2\/media?parent=3084"}],"curies":[{"name":"wp","href":"https:\/\/api.w.org\/{rel}","templated":true}]}}